{"id":338,"date":"2016-11-10T18:52:52","date_gmt":"2016-11-10T23:52:52","guid":{"rendered":"https:\/\/www.lagouttebleue.ca\/accueil-5\/"},"modified":"2024-09-17T15:00:46","modified_gmt":"2024-09-17T19:00:46","slug":"nos-services","status":"publish","type":"page","link":"https:\/\/www.lagouttebleue.ca\/en\/nos-services\/","title":{"rendered":"Nos services"},"content":{"rendered":"<h2 class=\"wp-block-heading\">Services d\u2019Entretien M\u00e9nager \u00c9cologiques \u00e0 Montr\u00e9al, Laval &amp; Longueuil<\/h2>\n<p>Chez <strong>La Goutte Bleue<\/strong>, nous offrons une gamme compl\u00e8te de <strong>services d\u2019entretien m\u00e9nager \u00e9cologiques<\/strong> adapt\u00e9s aux besoins des r\u00e9sidents et entreprises de <strong>Montr\u00e9al<\/strong>, <strong>Laval<\/strong>, et <strong>Longueuil<\/strong>. Que vous recherchiez un nettoyage r\u00e9gulier ou ponctuel, nos services sont con\u00e7us pour assurer une propret\u00e9 irr\u00e9prochable tout en respectant l\u2019environnement. Nous utilisons des produits <strong>biod\u00e9gradables<\/strong>, <strong>non toxiques<\/strong>, et <strong>s\u00fbrs<\/strong> pour votre sant\u00e9, vous permettant de vivre ou travailler dans un environnement sain sans compromis sur la qualit\u00e9.<\/p>\n<h3 class=\"wp-block-heading\">1. Nettoyage R\u00e9sidentiel \u00c9coresponsable<\/h3>\n<p>Nos services de <strong>nettoyage r\u00e9sidentiel<\/strong> sont parfaits pour les maisons, appartements et copropri\u00e9t\u00e9s. Si vous avez besoin d\u2019une <strong>femme de m\u00e9nage<\/strong> pour un entretien quotidien ou occasionnel, <strong>La Goutte Bleue<\/strong> vous propose des solutions sur mesure, \u00e9cologiques et respectueuses de l\u2019environnement. Nous assurons :<\/p>\n<ul class=\"wp-block-list\">\n<li>Nettoyage des sols (bois, carrelage, moquette)<\/li>\n<li>D\u00e9poussi\u00e9rage des meubles et surfaces<\/li>\n<li>Nettoyage de la cuisine et des salles de bain Nos <strong>femmes de m\u00e9nage<\/strong> utilisent des produits biod\u00e9gradables qui garantissent la s\u00e9curit\u00e9 de votre famille et de vos animaux de compagnie, tout en respectant la plan\u00e8te.<\/li>\n<\/ul>\n<figure class=\"wp-block-image size-large is-resized\"><a href=\"https:\/\/www.lagouttebleue.ca\/wp-content\/uploads\/2024\/09\/woman-wearing-green-rubber-gloves-scaled.jpg\"><img loading=\"lazy\" decoding=\"async\" class=\"wp-image-1770\" src=\"https:\/\/www.lagouttebleue.ca\/wp-content\/uploads\/2024\/09\/woman-wearing-green-rubber-gloves-1203x800.jpg\" sizes=\"auto, (max-width: 1203px) 100vw, 1203px\" srcset=\"https:\/\/www.lagouttebleue.ca\/wp-content\/uploads\/2024\/09\/woman-wearing-green-rubber-gloves-1203x800.jpg 1203w, https:\/\/www.lagouttebleue.ca\/wp-content\/uploads\/2024\/09\/woman-wearing-green-rubber-gloves-601x400.jpg 601w, https:\/\/www.lagouttebleue.ca\/wp-content\/uploads\/2024\/09\/woman-wearing-green-rubber-gloves-768x511.jpg 768w, https:\/\/www.lagouttebleue.ca\/wp-content\/uploads\/2024\/09\/woman-wearing-green-rubber-gloves-1536x1022.jpg 1536w, https:\/\/www.lagouttebleue.ca\/wp-content\/uploads\/2024\/09\/woman-wearing-green-rubber-gloves-2048x1362.jpg 2048w\" alt=\"femme de m\u00e9nage Montr\u00e9al, Laval, et Longueuil\" width=\"1203\" height=\"800\" \/><\/a><\/figure>\n<h3 class=\"wp-block-heading\">2. Entretien M\u00e9nager Commercial<\/h3>\n<p>Nos services d\u2019entretien m\u00e9nager s\u2019\u00e9tendent aux bureaux et locaux professionnels dans les r\u00e9gions de <strong>Montr\u00e9al<\/strong>, <strong>Laval<\/strong>, et <strong>Longueuil<\/strong>. Une <strong>femme de m\u00e9nage<\/strong> qualifi\u00e9e de <strong>La Goutte Bleue<\/strong> peut intervenir r\u00e9guli\u00e8rement ou ponctuellement pour assurer la propret\u00e9 de vos espaces de travail. Nos \u00e9quipes s\u2019occupent du :<\/p>\n<ul class=\"wp-block-list\">\n<li>Nettoyage des bureaux et espaces communs<\/li>\n<li>D\u00e9sinfection des zones sensibles (poign\u00e9es, interrupteurs)<\/li>\n<li>Nettoyage des sols et surfaces vitr\u00e9es Avec une <strong>femme de m\u00e9nage<\/strong> professionnelle et form\u00e9e, nous garantissons un service de qualit\u00e9, tout en utilisant des produits qui minimisent l\u2019impact environnemental.<\/li>\n<\/ul>\n<figure class=\"wp-block-image size-large is-resized\"><a href=\"https:\/\/www.lagouttebleue.ca\/wp-content\/uploads\/2024\/09\/people-taking-care-office-cleaning-scaled.jpg\"><img loading=\"lazy\" decoding=\"async\" class=\"wp-image-1767\" src=\"https:\/\/www.lagouttebleue.ca\/wp-content\/uploads\/2024\/09\/people-taking-care-office-cleaning-1202x800.jpg\" sizes=\"auto, (max-width: 1202px) 100vw, 1202px\" srcset=\"https:\/\/www.lagouttebleue.ca\/wp-content\/uploads\/2024\/09\/people-taking-care-office-cleaning-1202x800.jpg 1202w, https:\/\/www.lagouttebleue.ca\/wp-content\/uploads\/2024\/09\/people-taking-care-office-cleaning-601x400.jpg 601w, https:\/\/www.lagouttebleue.ca\/wp-content\/uploads\/2024\/09\/people-taking-care-office-cleaning-768x511.jpg 768w, https:\/\/www.lagouttebleue.ca\/wp-content\/uploads\/2024\/09\/people-taking-care-office-cleaning-1536x1022.jpg 1536w, https:\/\/www.lagouttebleue.ca\/wp-content\/uploads\/2024\/09\/people-taking-care-office-cleaning-2048x1363.jpg 2048w\" alt=\"Femme de m\u00e9nage\" width=\"1202\" height=\"800\" \/><\/a><\/figure>\n<h3 class=\"wp-block-heading\">3. Nettoyage de Fin de Chantier<\/h3>\n<p>Apr\u00e8s des r\u00e9novations ou des travaux, nos <strong>femmes de m\u00e9nage<\/strong> peuvent intervenir pour assurer un <strong>nettoyage de fin de chantier<\/strong> impeccable. Nous nous occupons des r\u00e9sidus de construction, des d\u00e9bris et de la poussi\u00e8re avec des m\u00e9thodes respectueuses de l\u2019environnement. Nos \u00e9quipes veillent \u00e0 laisser votre espace propre et pr\u00eat \u00e0 l\u2019usage sans nuire \u00e0 l\u2019environnement avec des produits chimiques agressifs.<\/p>\n<h3 class=\"wp-block-heading\">4. Nettoyage en Profondeur<\/h3>\n<p>Pour les espaces n\u00e9cessitant une attention particuli\u00e8re, nos <strong>femmes de m\u00e9nage<\/strong> proposent des services de <strong>nettoyage en profondeur<\/strong>. Cela inclut la d\u00e9sinfection des cuisines, salles de bain et autres zones \u00e0 fort passage. Gr\u00e2ce \u00e0 l\u2019utilisation de produits non toxiques, nos <strong>femmes de m\u00e9nage<\/strong> garantissent un r\u00e9sultat irr\u00e9prochable, tout en assurant la s\u00e9curit\u00e9 et la sant\u00e9 de votre environnement.<\/p>","protected":false},"excerpt":{"rendered":"<p>Services d\u2019Entretien M\u00e9nager \u00c9cologiques \u00e0 Montr\u00e9al, Laval &amp; Longueuil Chez La Goutte Bleue, nous offrons une gamme compl\u00e8te de services [&hellip;]<\/p>","protected":false},"author":1,"featured_media":1808,"parent":0,"menu_order":3,"comment_status":"closed","ping_status":"closed","template":"","meta":{"site-sidebar-layout":"default","site-content-layout":"","ast-site-content-layout":"","site-content-style":"default","site-sidebar-style":"default","ast-global-header-display":"","ast-banner-title-visibility":"","ast-main-header-display":"","ast-hfb-above-header-display":"","ast-hfb-below-header-display":"","ast-hfb-mobile-header-display":"","site-post-title":"","ast-breadcrumbs-content":"","ast-featured-img":"","footer-sml-layout":"","theme-transparent-header-meta":"","adv-header-id-meta":"","stick-header-meta":"","header-above-stick-meta":"","header-main-stick-meta":"","header-below-stick-meta":"","astra-migrate-meta-layouts":"default","ast-page-background-enabled":"default","ast-page-background-meta":{"desktop":{"background-color":"var(--ast-global-color-4)","background-image":"","background-repeat":"repeat","background-position":"center center","background-size":"auto","background-attachment":"scroll","background-type":"","background-media":"","overlay-type":"","overlay-color":"","overlay-opacity":"","overlay-gradient":""},"tablet":{"background-color":"","background-image":"","background-repeat":"repeat","background-position":"center center","background-size":"auto","background-attachment":"scroll","background-type":"","background-media":"","overlay-type":"","overlay-color":"","overlay-opacity":"","overlay-gradient":""},"mobile":{"background-color":"","background-image":"","background-repeat":"repeat","background-position":"center center","background-size":"auto","background-attachment":"scroll","background-type":"","background-media":"","overlay-type":"","overlay-color":"","overlay-opacity":"","overlay-gradient":""}},"ast-content-background-meta":{"desktop":{"background-color":"var(--ast-global-color-5)","background-image":"","background-repeat":"repeat","background-position":"center center","background-size":"auto","background-attachment":"scroll","background-type":"","background-media":"","overlay-type":"","overlay-color":"","overlay-opacity":"","overlay-gradient":""},"tablet":{"background-color":"var(--ast-global-color-5)","background-image":"","background-repeat":"repeat","background-position":"center center","background-size":"auto","background-attachment":"scroll","background-type":"","background-media":"","overlay-type":"","overlay-color":"","overlay-opacity":"","overlay-gradient":""},"mobile":{"background-color":"var(--ast-global-color-5)","background-image":"","background-repeat":"repeat","background-position":"center center","background-size":"auto","background-attachment":"scroll","background-type":"","background-media":"","overlay-type":"","overlay-color":"","overlay-opacity":"","overlay-gradient":""}},"footnotes":""},"class_list":["post-338","page","type-page","status-publish","has-post-thumbnail","hentry"],"_links":{"self":[{"href":"https:\/\/www.lagouttebleue.ca\/en\/wp-json\/wp\/v2\/pages\/338","targetHints":{"allow":["GET"]}}],"collection":[{"href":"https:\/\/www.lagouttebleue.ca\/en\/wp-json\/wp\/v2\/pages"}],"about":[{"href":"https:\/\/www.lagouttebleue.ca\/en\/wp-json\/wp\/v2\/types\/page"}],"author":[{"embeddable":true,"href":"https:\/\/www.lagouttebleue.ca\/en\/wp-json\/wp\/v2\/users\/1"}],"replies":[{"embeddable":true,"href":"https:\/\/www.lagouttebleue.ca\/en\/wp-json\/wp\/v2\/comments?post=338"}],"version-history":[{"count":134,"href":"https:\/\/www.lagouttebleue.ca\/en\/wp-json\/wp\/v2\/pages\/338\/revisions"}],"predecessor-version":[{"id":1810,"href":"https:\/\/www.lagouttebleue.ca\/en\/wp-json\/wp\/v2\/pages\/338\/revisions\/1810"}],"wp:featuredmedia":[{"embeddable":true,"href":"https:\/\/www.lagouttebleue.ca\/en\/wp-json\/wp\/v2\/media\/1808"}],"wp:attachment":[{"href":"https:\/\/www.lagouttebleue.ca\/en\/wp-json\/wp\/v2\/media?parent=338"}],"curies":[{"name":"wp","href":"https:\/\/api.w.org\/{rel}","templated":true}]}}