{"id":336,"date":"2016-11-10T18:52:52","date_gmt":"2016-11-10T23:52:52","guid":{"rendered":"https:\/\/www.lagouttebleue.ca\/accueil-4\/"},"modified":"2024-09-17T14:42:34","modified_gmt":"2024-09-17T18:42:34","slug":"contactez-nous","status":"publish","type":"page","link":"https:\/\/www.lagouttebleue.ca\/en\/contactez-nous\/","title":{"rendered":"Contactez-nous"},"content":{"rendered":"<h2 class=\"uppercase\">Estimation gratuite<\/h2>\n<p>Remplissez le formulaire ci-dessous ou t\u00e9l\u00e9phonez directement \u00e0 notre bureau. Un repr\u00e9sentant se fera un plaisir de r\u00e9pondre \u00e0 vos interrogations ou vous apportez tout le support qu\u2019il vous faut pour que vous puissiez profiter au maximum de nos services.<\/p>\n<p><strong>M\u00e9nage La Goutte Bleue<\/strong><br \/><i class=\"fa fa-phone\"><\/i>Tel: <strong>514-996-4861<\/strong><br \/><i class=\"fa fa-envelope\"><\/i>\u00a0Courriel : info@lagouttebleue.ca<br \/><i class=\"fa fa-map-marker\"><\/i>\u00a0 2699 Rue Clermont,L&rsquo;assomption ,Qc<br \/>J5W 0A9 Canada<\/p>\n\n<div class=\"caldera-grid\" id=\"caldera_form_1\" data-cf-ver=\"1.9.2\" data-cf-form-id=\"CF5d01297198c33\"><div id=\"caldera_notices_1\" data-spinner=\"https:\/\/www.lagouttebleue.ca\/wp-admin\/images\/spinner.gif\"><\/div><form data-instance=\"1\" class=\"CF5d01297198c33 caldera_forms_form cfajax-trigger\" method=\"POST\" enctype=\"multipart\/form-data\" id=\"CF5d01297198c33_1\" data-form-id=\"CF5d01297198c33\" aria-label=\"Formulaire du site\" data-target=\"#caldera_notices_1\" data-template=\"#cfajax_CF5d01297198c33-tmpl\" data-cfajax=\"CF5d01297198c33\" data-load-element=\"_parent\" data-load-class=\"cf_processing\" data-post-disable=\"0\" data-action=\"cf_process_ajax_submit\" data-request=\"https:\/\/www.lagouttebleue.ca\/en\/cf-api\/CF5d01297198c33\" data-hiderows=\"true\">\r\n<input type=\"hidden\" id=\"_cf_verify_CF5d01297198c33\" name=\"_cf_verify\" value=\"28ff25b3f8\"  data-nonce-time=\"1775320937\" \/><input type=\"hidden\" name=\"_wp_http_referer\" value=\"\/en\/wp-json\/wp\/v2\/pages\/336\" \/><div id=\"cf2-CF5d01297198c33_1\"><\/div><input type=\"hidden\" name=\"_cf_frm_id\" value=\"CF5d01297198c33\">\r\n<input type=\"hidden\" name=\"_cf_frm_ct\" value=\"1\">\r\n<input type=\"hidden\" name=\"cfajax\" value=\"CF5d01297198c33\">\r\n<input type=\"hidden\" name=\"_cf_cr_pst\" value=\"336\">\r\n<div class=\"hide\" style=\"display:none; overflow:hidden;height:0;width:0;\">\r\n<label>Phone<\/label><input type=\"text\" name=\"phone\" value=\"\" autocomplete=\"off\">\r\n<\/div><div id=\"CF5d01297198c33_1-row-1\"  class=\"row  first_row\"><div  class=\"col-sm-6  first_col\"><div data-field-wrapper=\"fld_6808942\" class=\"form-group\" id=\"fld_6808942_1-wrap\">\r\n\t<label id=\"fld_6808942Label\" for=\"fld_6808942_1\" class=\"control-label\">Nom et pr\u00e9nom <span aria-hidden=\"true\" role=\"presentation\" class=\"field_required\" style=\"color:#ee0000;\">*<\/span><\/label>\r\n\t<div class=\"\">\r\n\t\t<input   required type=\"text\" data-field=\"fld_6808942\" class=\"form-control\" id=\"fld_6808942_1\" name=\"fld_6808942\" value=\"\" data-type=\"text\" aria-required=\"true\"   aria-labelledby=\"fld_6808942Label\" >\t\t\t<\/div>\r\n<\/div>\r\n<\/div><div  class=\"col-sm-6  last_col\"><div data-field-wrapper=\"fld_495084\" class=\"form-group\" id=\"fld_495084_1-wrap\">\r\n\t<label id=\"fld_495084Label\" for=\"fld_495084_1\" class=\"control-label\">T\u00e9l\u00e9phone<\/label>\r\n\t<div class=\"\">\r\n\t\t<input  data-inputmask=\"'mask': '(999)999-9999'\"   type=\"phone\" data-field=\"fld_495084\" class=\"form-control\" id=\"fld_495084_1\" name=\"fld_495084\" value=\"\" data-type=\"phone\"   aria-labelledby=\"fld_495084Label\" >\t\t\t<\/div>\r\n<\/div>\r\n<\/div><\/div><div id=\"CF5d01297198c33_1-row-2\"  class=\"row\"><div  class=\"col-sm-6  first_col\"><div data-field-wrapper=\"fld_1569206\" class=\"form-group\" id=\"fld_1569206_1-wrap\">\r\n\t<label id=\"fld_1569206Label\" for=\"fld_1569206_1\" class=\"control-label\">Adresse courriel<\/label>\r\n\t<div class=\"\">\r\n\t\t<input    type=\"email\" data-field=\"fld_1569206\" class=\"form-control\" id=\"fld_1569206_1\" name=\"fld_1569206\" value=\"\" data-type=\"email\"   aria-labelledby=\"fld_1569206Label\" >\t\t\t<\/div>\r\n<\/div>\r\n<\/div><div  class=\"col-sm-6  last_col\"><div data-field-wrapper=\"fld_1030664\" class=\"form-group\" id=\"fld_1030664_1-wrap\">\r\n\t<label id=\"fld_1030664Label\" for=\"fld_1030664_1\" class=\"control-label\">R\u00e9gion (Ville)<\/label>\r\n\t<div class=\"\">\r\n\t\t<input    type=\"text\" data-field=\"fld_1030664\" class=\"form-control\" id=\"fld_1030664_1\" name=\"fld_1030664\" value=\"\" data-type=\"text\"   aria-labelledby=\"fld_1030664Label\" >\t\t\t<\/div>\r\n<\/div>\r\n<\/div><\/div><div id=\"CF5d01297198c33_1-row-3\"  class=\"row  last_row\"><div  class=\"col-sm-12  single\"><div data-field-wrapper=\"fld_8168162\" class=\"form-group\" id=\"fld_8168162_1-wrap\">\r\n\t<label id=\"fld_8168162Label\" for=\"fld_8168162_1\" class=\"control-label\">Sujet<\/label>\r\n\t<div class=\"\">\r\n\t\t<input    type=\"text\" data-field=\"fld_8168162\" class=\"form-control\" id=\"fld_8168162_1\" name=\"fld_8168162\" value=\"\" data-type=\"text\"   aria-labelledby=\"fld_8168162Label\" >\t\t\t<\/div>\r\n<\/div>\r\n<div data-field-wrapper=\"fld_4419129\" class=\"form-group\" id=\"fld_4419129_1-wrap\">\r\n\t<label id=\"fld_4419129Label\" for=\"fld_4419129_1\" class=\"control-label\">Message<\/label>\r\n\t<div class=\"\">\r\n\t\t<textarea name=\"fld_4419129\" value=\"\" data-field=\"fld_4419129\" class=\"form-control\" id=\"fld_4419129_1\" rows=\"4\"    aria-labelledby=\"fld_4419129Label\" ><\/textarea>\n\t\t\t<\/div>\r\n<\/div>\r\n<div data-field-wrapper=\"fld_6375117\" class=\"form-group\" id=\"fld_6375117_1-wrap\">\r\n<div class=\"\">\r\n\t<input  class=\"btn\" type=\"submit\" name=\"fld_6375117\" id=\"fld_6375117_1\" value=\"Envoyer\" data-field=\"fld_6375117\"  >\n<\/div>\r\n<\/div>\r\n\t<input class=\"button_trigger_1\" type=\"hidden\" name=\"fld_6375117\" id=\"fld_6375117_1_btn\" value=\"\" data-field=\"fld_6375117\"  \/>\n<\/div><\/div><input type=\"hidden\" name=\"trp-form-language\" value=\"en\"\/><\/form>\r\n<\/div>\r\n\n\n\n\n<p><\/p>\n\n\n\n<p><\/p>","protected":false},"excerpt":{"rendered":"<p>Estimation gratuite Remplissez le formulaire ci-dessous ou t\u00e9l\u00e9phonez directement \u00e0 notre bureau. Un repr\u00e9sentant se fera un plaisir de r\u00e9pondre [&hellip;]<\/p>","protected":false},"author":1,"featured_media":1799,"parent":0,"menu_order":4,"comment_status":"closed","ping_status":"closed","template":"","meta":{"site-sidebar-layout":"default","site-content-layout":"","ast-site-content-layout":"","site-content-style":"default","site-sidebar-style":"default","ast-global-header-display":"","ast-banner-title-visibility":"","ast-main-header-display":"","ast-hfb-above-header-display":"","ast-hfb-below-header-display":"","ast-hfb-mobile-header-display":"","site-post-title":"","ast-breadcrumbs-content":"","ast-featured-img":"","footer-sml-layout":"","theme-transparent-header-meta":"","adv-header-id-meta":"","stick-header-meta":"","header-above-stick-meta":"","header-main-stick-meta":"","header-below-stick-meta":"","astra-migrate-meta-layouts":"default","ast-page-background-enabled":"default","ast-page-background-meta":{"desktop":{"background-color":"var(--ast-global-color-4)","background-image":"","background-repeat":"repeat","background-position":"center center","background-size":"auto","background-attachment":"scroll","background-type":"","background-media":"","overlay-type":"","overlay-color":"","overlay-opacity":"","overlay-gradient":""},"tablet":{"background-color":"","background-image":"","background-repeat":"repeat","background-position":"center center","background-size":"auto","background-attachment":"scroll","background-type":"","background-media":"","overlay-type":"","overlay-color":"","overlay-opacity":"","overlay-gradient":""},"mobile":{"background-color":"","background-image":"","background-repeat":"repeat","background-position":"center center","background-size":"auto","background-attachment":"scroll","background-type":"","background-media":"","overlay-type":"","overlay-color":"","overlay-opacity":"","overlay-gradient":""}},"ast-content-background-meta":{"desktop":{"background-color":"var(--ast-global-color-5)","background-image":"","background-repeat":"repeat","background-position":"center center","background-size":"auto","background-attachment":"scroll","background-type":"","background-media":"","overlay-type":"","overlay-color":"","overlay-opacity":"","overlay-gradient":""},"tablet":{"background-color":"var(--ast-global-color-5)","background-image":"","background-repeat":"repeat","background-position":"center center","background-size":"auto","background-attachment":"scroll","background-type":"","background-media":"","overlay-type":"","overlay-color":"","overlay-opacity":"","overlay-gradient":""},"mobile":{"background-color":"var(--ast-global-color-5)","background-image":"","background-repeat":"repeat","background-position":"center center","background-size":"auto","background-attachment":"scroll","background-type":"","background-media":"","overlay-type":"","overlay-color":"","overlay-opacity":"","overlay-gradient":""}},"footnotes":""},"class_list":["post-336","page","type-page","status-publish","has-post-thumbnail","hentry"],"_links":{"self":[{"href":"https:\/\/www.lagouttebleue.ca\/en\/wp-json\/wp\/v2\/pages\/336","targetHints":{"allow":["GET"]}}],"collection":[{"href":"https:\/\/www.lagouttebleue.ca\/en\/wp-json\/wp\/v2\/pages"}],"about":[{"href":"https:\/\/www.lagouttebleue.ca\/en\/wp-json\/wp\/v2\/types\/page"}],"author":[{"embeddable":true,"href":"https:\/\/www.lagouttebleue.ca\/en\/wp-json\/wp\/v2\/users\/1"}],"replies":[{"embeddable":true,"href":"https:\/\/www.lagouttebleue.ca\/en\/wp-json\/wp\/v2\/comments?post=336"}],"version-history":[{"count":78,"href":"https:\/\/www.lagouttebleue.ca\/en\/wp-json\/wp\/v2\/pages\/336\/revisions"}],"predecessor-version":[{"id":1804,"href":"https:\/\/www.lagouttebleue.ca\/en\/wp-json\/wp\/v2\/pages\/336\/revisions\/1804"}],"wp:featuredmedia":[{"embeddable":true,"href":"https:\/\/www.lagouttebleue.ca\/en\/wp-json\/wp\/v2\/media\/1799"}],"wp:attachment":[{"href":"https:\/\/www.lagouttebleue.ca\/en\/wp-json\/wp\/v2\/media?parent=336"}],"curies":[{"name":"wp","href":"https:\/\/api.w.org\/{rel}","templated":true}]}}