{"id":332,"date":"2016-11-10T18:52:52","date_gmt":"2016-11-10T23:52:52","guid":{"rendered":"https:\/\/www.lagouttebleue.ca\/accueil-2\/"},"modified":"2024-09-17T15:09:12","modified_gmt":"2024-09-17T19:09:12","slug":"a-propos","status":"publish","type":"page","link":"https:\/\/www.lagouttebleue.ca\/en\/a-propos\/","title":{"rendered":"\u00c0 propos"},"content":{"rendered":"<h2><strong>M\u00e9nage La Goutte Bleue : Votre Sp\u00e9cialiste en Entretien M\u00e9nager \u00c9cologique \u00e0 Montr\u00e9al, Laval, Longueuil, L\u2019Assomption, Repentigny, Mascouche et Terrebonne<\/strong><\/h2>\n<p>M\u00e9nage La Goutte Bleue est une entreprise d\u2019entretien m\u00e9nager de confiance op\u00e9rant \u00e0 Montr\u00e9al, Laval, Longueuil, L\u2019Assomption, Repentigny, Mascouche et Terrebonne. Nous sommes \u00e0 l\u2019\u00e9coute de nos clients et nous nous engageons \u00e0 fournir le meilleur service possible gr\u00e2ce \u00e0 nos \u00e9quipes de femmes de m\u00e9nage professionnelles en entretien m\u00e9nager.<\/p>\n<p>Nos services comprennent :<\/p>\n<ul>\n<li>Entretien m\u00e9nager r\u00e9sidentiel : M\u00e9nage r\u00e9gulier, grand m\u00e9nage ou m\u00e9nage saisonnier pour votre domicile, assur\u00e9 par nos femmes de m\u00e9nage exp\u00e9riment\u00e9es.<\/li>\n<li>Entretien m\u00e9nager commercial : Services de nettoyage pour les locaux commerciaux, adapt\u00e9s \u00e0 vos besoins, fournis par nos femmes de m\u00e9nage sp\u00e9cialis\u00e9es.<\/li>\n<\/ul>\n<p>Nous nous distinguons par notre utilisation de produits de nettoyage biologiques et \u00e9cologiques, garantissant un environnement sain pour vous et votre famille. Nos femmes de m\u00e9nage utilisent ces produits pour assurer un nettoyage respectueux de l\u2019environnement.<\/p>\n<p>M\u00e9nage La Goutte Bleue s\u2019est d\u00e9marqu\u00e9 de ses concurrents en offrant des services d\u2019une qualit\u00e9 durable \u00e0 ses fid\u00e8les clients. Que vous soyez \u00e0 Montr\u00e9al, Laval, Longueuil, L\u2019Assomption, Repentigny, Mascouche ou Terrebonne, nos femmes de m\u00e9nage se consacrent \u00e0 satisfaire tous vos besoins avec passion et d\u00e9vouement.<\/p>\n<p>Faites confiance \u00e0 M\u00e9nage La Goutte Bleue pour un entretien m\u00e9nager \u00e9cologique et de qualit\u00e9.<\/p>\n<h2 class=\"section-title section-title-bold-center\"><span class=\"section-title-main\">FEMME DE M\u00c9NAGE Exp\u00e9riment\u00e9e et PASSIONN\u00c9E par la propret\u00e9<\/span><\/h2>\n<p>Nos femmes de m\u00e9nage exp\u00e9riment\u00e9es et passionn\u00e9es par la propret\u00e9 garantissent un r\u00e9sultat \u00e9poustouflant. Gr\u00e2ce \u00e0 leur d\u00e9vouement et leur professionnalisme, elles offrent un service parfait pour que vous puissiez profiter pleinement de votre nouvel espace. Nous garantissons un travail rapide et efficace pour que vous puissiez en profiter au plus vite.<\/p>\n<p>\u00c0 l\u2019\u00e9coute de nos clients, nous nous engageons \u00e0 fournir le meilleur service possible gr\u00e2ce \u00e0 nos \u00e9quipes de femmes de m\u00e9nage en entretien m\u00e9nager. Nous nous distinguons par notre engagement envers l\u2019utilisation de produits de nettoyage biologiques et \u00e9cologiques, assurant un environnement sain pour vous et votre famille.<\/p>\n<p>Faites confiance \u00e0 M\u00e9nage La Goutte Bleue pour un entretien m\u00e9nager \u00e9cologique de qualit\u00e9 \u00e0 Montr\u00e9al, Laval, Longueuil, L\u2019Assomption, Repentigny, Mascouche et Terrebonne, avec nos femmes de m\u00e9nage d\u00e9vou\u00e9es et professionnelles.<\/p>","protected":false},"excerpt":{"rendered":"<p>M\u00e9nage La Goutte Bleue : Votre Sp\u00e9cialiste en Entretien M\u00e9nager \u00c9cologique \u00e0 Montr\u00e9al, Laval, Longueuil, L\u2019Assomption, Repentigny, Mascouche et Terrebonne [&hellip;]<\/p>","protected":false},"author":1,"featured_media":1770,"parent":0,"menu_order":1,"comment_status":"closed","ping_status":"closed","template":"","meta":{"site-sidebar-layout":"default","site-content-layout":"","ast-site-content-layout":"","site-content-style":"default","site-sidebar-style":"default","ast-global-header-display":"","ast-banner-title-visibility":"","ast-main-header-display":"","ast-hfb-above-header-display":"","ast-hfb-below-header-display":"","ast-hfb-mobile-header-display":"","site-post-title":"","ast-breadcrumbs-content":"","ast-featured-img":"","footer-sml-layout":"","theme-transparent-header-meta":"","adv-header-id-meta":"","stick-header-meta":"","header-above-stick-meta":"","header-main-stick-meta":"","header-below-stick-meta":"","astra-migrate-meta-layouts":"default","ast-page-background-enabled":"default","ast-page-background-meta":{"desktop":{"background-color":"var(--ast-global-color-4)","background-image":"","background-repeat":"repeat","background-position":"center center","background-size":"auto","background-attachment":"scroll","background-type":"","background-media":"","overlay-type":"","overlay-color":"","overlay-opacity":"","overlay-gradient":""},"tablet":{"background-color":"","background-image":"","background-repeat":"repeat","background-position":"center center","background-size":"auto","background-attachment":"scroll","background-type":"","background-media":"","overlay-type":"","overlay-color":"","overlay-opacity":"","overlay-gradient":""},"mobile":{"background-color":"","background-image":"","background-repeat":"repeat","background-position":"center center","background-size":"auto","background-attachment":"scroll","background-type":"","background-media":"","overlay-type":"","overlay-color":"","overlay-opacity":"","overlay-gradient":""}},"ast-content-background-meta":{"desktop":{"background-color":"var(--ast-global-color-5)","background-image":"","background-repeat":"repeat","background-position":"center center","background-size":"auto","background-attachment":"scroll","background-type":"","background-media":"","overlay-type":"","overlay-color":"","overlay-opacity":"","overlay-gradient":""},"tablet":{"background-color":"var(--ast-global-color-5)","background-image":"","background-repeat":"repeat","background-position":"center center","background-size":"auto","background-attachment":"scroll","background-type":"","background-media":"","overlay-type":"","overlay-color":"","overlay-opacity":"","overlay-gradient":""},"mobile":{"background-color":"var(--ast-global-color-5)","background-image":"","background-repeat":"repeat","background-position":"center center","background-size":"auto","background-attachment":"scroll","background-type":"","background-media":"","overlay-type":"","overlay-color":"","overlay-opacity":"","overlay-gradient":""}},"footnotes":""},"class_list":["post-332","page","type-page","status-publish","has-post-thumbnail","hentry"],"_links":{"self":[{"href":"https:\/\/www.lagouttebleue.ca\/en\/wp-json\/wp\/v2\/pages\/332","targetHints":{"allow":["GET"]}}],"collection":[{"href":"https:\/\/www.lagouttebleue.ca\/en\/wp-json\/wp\/v2\/pages"}],"about":[{"href":"https:\/\/www.lagouttebleue.ca\/en\/wp-json\/wp\/v2\/types\/page"}],"author":[{"embeddable":true,"href":"https:\/\/www.lagouttebleue.ca\/en\/wp-json\/wp\/v2\/users\/1"}],"replies":[{"embeddable":true,"href":"https:\/\/www.lagouttebleue.ca\/en\/wp-json\/wp\/v2\/comments?post=332"}],"version-history":[{"count":98,"href":"https:\/\/www.lagouttebleue.ca\/en\/wp-json\/wp\/v2\/pages\/332\/revisions"}],"predecessor-version":[{"id":1813,"href":"https:\/\/www.lagouttebleue.ca\/en\/wp-json\/wp\/v2\/pages\/332\/revisions\/1813"}],"wp:featuredmedia":[{"embeddable":true,"href":"https:\/\/www.lagouttebleue.ca\/en\/wp-json\/wp\/v2\/media\/1770"}],"wp:attachment":[{"href":"https:\/\/www.lagouttebleue.ca\/en\/wp-json\/wp\/v2\/media?parent=332"}],"curies":[{"name":"wp","href":"https:\/\/api.w.org\/{rel}","templated":true}]}}