{"id":1855,"date":"2024-09-17T15:46:19","date_gmt":"2024-09-17T19:46:19","guid":{"rendered":"https:\/\/www.lagouttebleue.ca\/?page_id=1855"},"modified":"2024-09-17T15:46:22","modified_gmt":"2024-09-17T19:46:22","slug":"couverture","status":"publish","type":"page","link":"https:\/\/www.lagouttebleue.ca\/en\/couverture\/","title":{"rendered":"Couverture"},"content":{"rendered":"<p>Femme de M\u00e9nage et Services d\u2019Entretien M\u00e9nager \u00c9cologiques chez La Goutte Bleue disponible sur : <\/p>\n\n\n\n<ul class=\"wp-block-list\">\n<li><a href=\"https:\/\/www.lagouttebleue.ca\/en\/femme-de-menage-et-services-dentretien-menager-ecologiques-a-laval\/\" data-type=\"page\" data-id=\"1821\">Femme de m\u00e9nage et services d\u2019entretien m\u00e9nager \u00e9cologiques \u00e0 Laval<\/a><\/li>\n\n\n\n<li><a href=\"https:\/\/www.lagouttebleue.ca\/en\/femme-de-menage-et-services-dentretien-menager-ecologiques-a-montreal\/\" data-type=\"page\" data-id=\"1818\">Femme de m\u00e9nage et services d\u2019entretien m\u00e9nager \u00e9cologiques \u00e0 Montr\u00e9al<\/a><\/li>\n\n\n\n<li><a href=\"https:\/\/www.lagouttebleue.ca\/en\/femme-de-menage-et-services-dentretien-menager-ecologiques-a-mascouche\/\" data-type=\"page\" data-id=\"1841\">Femme de M\u00e9nage et Services d\u2019Entretien M\u00e9nager \u00c9cologiques \u00e0 Mascouche<\/a><\/li>\n\n\n\n<li><a href=\"https:\/\/www.lagouttebleue.ca\/en\/femme-de-menage-et-services-dentretien-menager-ecologiques-a-repentigny\/\" data-type=\"page\" data-id=\"1844\">Femme de M\u00e9nage et Services d\u2019Entretien M\u00e9nager \u00c9cologiques \u00e0 Repentigny<\/a><\/li>\n\n\n\n<li><a href=\"https:\/\/www.lagouttebleue.ca\/en\/femme-de-menage-et-services-dentretien-menager-ecologiques-a-lassomption\/\" data-type=\"page\" data-id=\"1824\">Femme de m\u00e9nage et services d\u2019entretien m\u00e9nager \u00e9cologiques \u00e0 l\u2019Assomption<\/a><\/li>\n\n\n\n<li><a href=\"https:\/\/www.lagouttebleue.ca\/en\/femme-de-menage-et-services-dentretien-menager-ecologiques-a-saint-sulpice\/\" data-type=\"page\" data-id=\"1832\">Femme de M\u00e9nage et Services d\u2019Entretien M\u00e9nager \u00c9cologiques \u00e0 Saint-Sulpice<\/a><\/li>\n\n\n\n<li><a href=\"https:\/\/www.lagouttebleue.ca\/en\/femme-de-menage-et-services-dentretien-menager-ecologiques-a-lepiphanie\/\" data-type=\"page\" data-id=\"1835\">Femme de M\u00e9nage et Services d\u2019Entretien M\u00e9nager \u00c9cologiques \u00e0 L\u2019\u00c9piphanie<\/a><\/li>\n\n\n\n<li><a href=\"https:\/\/www.lagouttebleue.ca\/en\/femme-de-menage-et-services-dentretien-menager-ecologiques-a-lachenaie\/\" data-type=\"page\" data-id=\"1838\">Femme de M\u00e9nage et Services d\u2019Entretien M\u00e9nager \u00c9cologiques \u00e0 Lachenaie<\/a><\/li>\n\n\n\n<li><a href=\"https:\/\/www.lagouttebleue.ca\/en\/femme-de-menage-et-services-dentretien-menager-ecologiques-a-terrebonne\/\" data-type=\"page\" data-id=\"1829\">Femme de M\u00e9nage et Services d\u2019Entretien M\u00e9nager \u00c9cologiques \u00e0 Terrebonne<\/a><\/li>\n<\/ul>","protected":false},"excerpt":{"rendered":"<p>Femme de M\u00e9nage et Services d\u2019Entretien M\u00e9nager \u00c9cologiques chez La Goutte Bleue disponible sur :<\/p>","protected":false},"author":1,"featured_media":1800,"parent":0,"menu_order":0,"comment_status":"closed","ping_status":"closed","template":"","meta":{"site-sidebar-layout":"default","site-content-layout":"","ast-site-content-layout":"","site-content-style":"default","site-sidebar-style":"default","ast-global-header-display":"","ast-banner-title-visibility":"","ast-main-header-display":"","ast-hfb-above-header-display":"","ast-hfb-below-header-display":"","ast-hfb-mobile-header-display":"","site-post-title":"","ast-breadcrumbs-content":"","ast-featured-img":"","footer-sml-layout":"","theme-transparent-header-meta":"","adv-header-id-meta":"","stick-header-meta":"","header-above-stick-meta":"","header-main-stick-meta":"","header-below-stick-meta":"","astra-migrate-meta-layouts":"default","ast-page-background-enabled":"default","ast-page-background-meta":{"desktop":{"background-color":"var(--ast-global-color-4)","background-image":"","background-repeat":"repeat","background-position":"center center","background-size":"auto","background-attachment":"scroll","background-type":"","background-media":"","overlay-type":"","overlay-color":"","overlay-opacity":"","overlay-gradient":""},"tablet":{"background-color":"","background-image":"","background-repeat":"repeat","background-position":"center center","background-size":"auto","background-attachment":"scroll","background-type":"","background-media":"","overlay-type":"","overlay-color":"","overlay-opacity":"","overlay-gradient":""},"mobile":{"background-color":"","background-image":"","background-repeat":"repeat","background-position":"center center","background-size":"auto","background-attachment":"scroll","background-type":"","background-media":"","overlay-type":"","overlay-color":"","overlay-opacity":"","overlay-gradient":""}},"ast-content-background-meta":{"desktop":{"background-color":"var(--ast-global-color-5)","background-image":"","background-repeat":"repeat","background-position":"center center","background-size":"auto","background-attachment":"scroll","background-type":"","background-media":"","overlay-type":"","overlay-color":"","overlay-opacity":"","overlay-gradient":""},"tablet":{"background-color":"var(--ast-global-color-5)","background-image":"","background-repeat":"repeat","background-position":"center center","background-size":"auto","background-attachment":"scroll","background-type":"","background-media":"","overlay-type":"","overlay-color":"","overlay-opacity":"","overlay-gradient":""},"mobile":{"background-color":"var(--ast-global-color-5)","background-image":"","background-repeat":"repeat","background-position":"center center","background-size":"auto","background-attachment":"scroll","background-type":"","background-media":"","overlay-type":"","overlay-color":"","overlay-opacity":"","overlay-gradient":""}},"footnotes":""},"class_list":["post-1855","page","type-page","status-publish","has-post-thumbnail","hentry"],"_links":{"self":[{"href":"https:\/\/www.lagouttebleue.ca\/en\/wp-json\/wp\/v2\/pages\/1855","targetHints":{"allow":["GET"]}}],"collection":[{"href":"https:\/\/www.lagouttebleue.ca\/en\/wp-json\/wp\/v2\/pages"}],"about":[{"href":"https:\/\/www.lagouttebleue.ca\/en\/wp-json\/wp\/v2\/types\/page"}],"author":[{"embeddable":true,"href":"https:\/\/www.lagouttebleue.ca\/en\/wp-json\/wp\/v2\/users\/1"}],"replies":[{"embeddable":true,"href":"https:\/\/www.lagouttebleue.ca\/en\/wp-json\/wp\/v2\/comments?post=1855"}],"version-history":[{"count":1,"href":"https:\/\/www.lagouttebleue.ca\/en\/wp-json\/wp\/v2\/pages\/1855\/revisions"}],"predecessor-version":[{"id":1857,"href":"https:\/\/www.lagouttebleue.ca\/en\/wp-json\/wp\/v2\/pages\/1855\/revisions\/1857"}],"wp:featuredmedia":[{"embeddable":true,"href":"https:\/\/www.lagouttebleue.ca\/en\/wp-json\/wp\/v2\/media\/1800"}],"wp:attachment":[{"href":"https:\/\/www.lagouttebleue.ca\/en\/wp-json\/wp\/v2\/media?parent=1855"}],"curies":[{"name":"wp","href":"https:\/\/api.w.org\/{rel}","templated":true}]}}