{"id":1582,"date":"2017-09-07T22:49:41","date_gmt":"2017-09-08T02:49:41","guid":{"rendered":"https:\/\/www.lagouttebleue.ca\/?page_id=1582"},"modified":"2024-07-11T16:59:55","modified_gmt":"2024-07-11T20:59:55","slug":"franchise","status":"publish","type":"page","link":"https:\/\/www.lagouttebleue.ca\/en\/franchise\/","title":{"rendered":"Franchise"},"content":{"rendered":"<p>[ux_banner height=\u00a0\u00bb100px\u00a0\u00bb bg=\u00a0\u00bb1368&Prime; bg_overlay=\u00a0\u00bbrgba(2, 29, 46, 0.66)\u00a0\u00bb parallax=\u00a0\u00bb6&Prime; effect=\u00a0\u00bbsparkle\u00a0\u00bb]<\/p>\n<p>[text_box width=\u00a0\u00bb73&Prime; width__md=\u00a0\u00bb87&Prime; position_x=\u00a0\u00bb50&Prime; position_y=\u00a0\u00bb50&Prime;]<\/p>\n<h1 class=\"uppercase\"><span style=\"font-size: 75%;\"><strong>FRANCHISES<\/strong><\/span><\/h1>\n<p>[\/text_box]<\/p>\n<p>[\/ux_banner]<br \/>\n[section]<\/p>\n<p>[row col_style=\u00a0\u00bbdivided\u00a0\u00bb]<\/p>\n<p>[col span=\u00a0\u00bb7&Prime; span__sm=\u00a0\u00bb12&Prime;]<\/p>\n<p>[title style=\u00a0\u00bbbold\u00a0\u00bb text=\u00a0\u00bbFRANCHISES La Goutte bleue\u00a0\u00bb tag_name=\u00a0\u00bbh2&Prime;]<\/p>\n<h2><strong>Devenez Franchis\u00e9 de M\u00e9nage La Goutte Bleue : Une Opportunit\u00e9 d&rsquo;Entretien M\u00e9nager \u00c9cologique et Performant<\/strong><\/h2>\n<p>\u00catre franchis\u00e9 de M\u00e9nage La Goutte Bleue, c&rsquo;est repr\u00e9senter une marque de confiance qui aide les gens \u00e0 pr\u00e9server leur temps en entretenant leur domicile ou leur espace de travail avec efficacit\u00e9. Nous proposons \u00e0 nos clients un service performant et \u00e9cologique, en utilisant des produits de nettoyage biologiques et respectueux de l&rsquo;environnement.<\/p>\n<p>M\u00e9nage La Goutte Bleue vous permet de b\u00e9n\u00e9ficier d&rsquo;heures de travail flexibles et de recevoir une formation et un soutien d\u00e8s le d\u00e9but. De plus, vous profiterez de revenus avantageux et aurez la possibilit\u00e9 de planifier vos vacances selon vos besoins.<\/p>\n<h3>Nous vous offrons :<\/h3>\n<ul>\n<li>Une entreprise cl\u00e9s en main<\/li>\n<li>Une client\u00e8le fournie<\/li>\n<li>Des \u00e9quipements et produits \u00e9cologiques<\/li>\n<li>Des uniformes portant le nom de la franchise<\/li>\n<li>Des territoires adapt\u00e9s \u00e0 vos pr\u00e9f\u00e9rences<\/li>\n<li>Une assistance en tout temps<\/li>\n<\/ul>\n<p>Pour plus d&rsquo;informations, veuillez nous contacter au 514-996-4861.<\/p>\n<p>[\/col]<br \/>\n[col span=\u00a0\u00bb5&Prime; span__sm=\u00a0\u00bb12&Prime;]<\/p>\n<p>[ux_image id=\u00a0\u00bb1590&Prime; depth=\u00a0\u00bb3&Prime;]<\/p>\n<p>[\/col]<\/p>\n<p>[\/row]<br \/>\n[divider width=\u00a0\u00bb100%\u00a0\u00bb height=\u00a0\u00bb10px\u00a0\u00bb margin=\u00a0\u00bb0px\u00a0\u00bb]<\/p>\n<p>[ux_image id=\u00a0\u00bb1586&Prime;]<\/p>\n<p>[divider width=\u00a0\u00bb100%\u00a0\u00bb height=\u00a0\u00bb10px\u00a0\u00bb margin=\u00a0\u00bb0px\u00a0\u00bb]<\/p>\n<p>[\/section]<br \/>\n[block id=\u00a0\u00bb1044&Prime;]<\/p>","protected":false},"excerpt":{"rendered":"<p>[ux_banner height=\u00a0\u00bb100px\u00a0\u00bb bg=\u00a0\u00bb1368&Prime; bg_overlay=\u00a0\u00bbrgba(2, 29, 46, 0.66)\u00a0\u00bb parallax=\u00a0\u00bb6&Prime; effect=\u00a0\u00bbsparkle\u00a0\u00bb] [text_box width=\u00a0\u00bb73&Prime; width__md=\u00a0\u00bb87&Prime; position_x=\u00a0\u00bb50&Prime; position_y=\u00a0\u00bb50&Prime;] FRANCHISES [\/text_box] [\/ux_banner] [section] [row col_style=\u00a0\u00bbdivided\u00a0\u00bb] [&hellip;]<\/p>","protected":false},"author":1,"featured_media":0,"parent":0,"menu_order":0,"comment_status":"closed","ping_status":"closed","template":"page-blank.php","meta":{"site-sidebar-layout":"default","site-content-layout":"","ast-site-content-layout":"","site-content-style":"default","site-sidebar-style":"default","ast-global-header-display":"","ast-banner-title-visibility":"","ast-main-header-display":"","ast-hfb-above-header-display":"","ast-hfb-below-header-display":"","ast-hfb-mobile-header-display":"","site-post-title":"","ast-breadcrumbs-content":"","ast-featured-img":"","footer-sml-layout":"","theme-transparent-header-meta":"","adv-header-id-meta":"","stick-header-meta":"","header-above-stick-meta":"","header-main-stick-meta":"","header-below-stick-meta":"","astra-migrate-meta-layouts":"default","ast-page-background-enabled":"default","ast-page-background-meta":{"desktop":{"background-color":"var(--ast-global-color-4)","background-image":"","background-repeat":"repeat","background-position":"center center","background-size":"auto","background-attachment":"scroll","background-type":"","background-media":"","overlay-type":"","overlay-color":"","overlay-opacity":"","overlay-gradient":""},"tablet":{"background-color":"","background-image":"","background-repeat":"repeat","background-position":"center center","background-size":"auto","background-attachment":"scroll","background-type":"","background-media":"","overlay-type":"","overlay-color":"","overlay-opacity":"","overlay-gradient":""},"mobile":{"background-color":"","background-image":"","background-repeat":"repeat","background-position":"center center","background-size":"auto","background-attachment":"scroll","background-type":"","background-media":"","overlay-type":"","overlay-color":"","overlay-opacity":"","overlay-gradient":""}},"ast-content-background-meta":{"desktop":{"background-color":"var(--ast-global-color-5)","background-image":"","background-repeat":"repeat","background-position":"center center","background-size":"auto","background-attachment":"scroll","background-type":"","background-media":"","overlay-type":"","overlay-color":"","overlay-opacity":"","overlay-gradient":""},"tablet":{"background-color":"var(--ast-global-color-5)","background-image":"","background-repeat":"repeat","background-position":"center center","background-size":"auto","background-attachment":"scroll","background-type":"","background-media":"","overlay-type":"","overlay-color":"","overlay-opacity":"","overlay-gradient":""},"mobile":{"background-color":"var(--ast-global-color-5)","background-image":"","background-repeat":"repeat","background-position":"center center","background-size":"auto","background-attachment":"scroll","background-type":"","background-media":"","overlay-type":"","overlay-color":"","overlay-opacity":"","overlay-gradient":""}},"footnotes":""},"class_list":["post-1582","page","type-page","status-publish","hentry"],"_links":{"self":[{"href":"https:\/\/www.lagouttebleue.ca\/en\/wp-json\/wp\/v2\/pages\/1582","targetHints":{"allow":["GET"]}}],"collection":[{"href":"https:\/\/www.lagouttebleue.ca\/en\/wp-json\/wp\/v2\/pages"}],"about":[{"href":"https:\/\/www.lagouttebleue.ca\/en\/wp-json\/wp\/v2\/types\/page"}],"author":[{"embeddable":true,"href":"https:\/\/www.lagouttebleue.ca\/en\/wp-json\/wp\/v2\/users\/1"}],"replies":[{"embeddable":true,"href":"https:\/\/www.lagouttebleue.ca\/en\/wp-json\/wp\/v2\/comments?post=1582"}],"version-history":[{"count":7,"href":"https:\/\/www.lagouttebleue.ca\/en\/wp-json\/wp\/v2\/pages\/1582\/revisions"}],"predecessor-version":[{"id":1751,"href":"https:\/\/www.lagouttebleue.ca\/en\/wp-json\/wp\/v2\/pages\/1582\/revisions\/1751"}],"wp:attachment":[{"href":"https:\/\/www.lagouttebleue.ca\/en\/wp-json\/wp\/v2\/media?parent=1582"}],"curies":[{"name":"wp","href":"https:\/\/api.w.org\/{rel}","templated":true}]}}