{"id":1553,"date":"2017-09-07T22:06:12","date_gmt":"2017-09-08T02:06:12","guid":{"rendered":"https:\/\/www.lagouttebleue.ca\/?page_id=1553"},"modified":"2024-09-17T15:15:32","modified_gmt":"2024-09-17T19:15:32","slug":"plan-de-travail","status":"publish","type":"page","link":"https:\/\/www.lagouttebleue.ca\/en\/plan-de-travail\/","title":{"rendered":"Plan de travail (R\u00e9sidentiel)"},"content":{"rendered":"<h2 class=\"wp-block-heading\"><strong>M\u00c9NAGE R\u00c9SIDENTIEL<\/strong><\/h2>\n\n\n\n<ul class=\"wp-block-list\">\n<li>Nettoyer et d\u00e9sinfecter: les comptoirs et L\u2019\u00e9vier,cuisini\u00e8re, r\u00e9frig\u00e9rateur, lave-vaisselle\u00a0et les petits appareils (ex\u00a0: Cafeti\u00e8re, Grille-pain,\u2026etc.)<\/li>\n\n\n\n<li>Nettoyer le four micro-onde (l\u2019int\u00e9rieur et l\u2019ext\u00e9rieur)<\/li>\n\n\n\n<li>Nettoyer l\u2019ext\u00e9rieur des \u00e9lectrom\u00e9nagers<\/li>\n\n\n\n<li>Nettoyer les plinthes \u00e9lectriques et bouches de ventilation.<\/li>\n\n\n\n<li>Enlever les t\u00e2ches sur les portes d\u2019armoires, et nettoyer le dessus de la table de la cuisine\u00a0et chaises.<\/li>\n\n\n\n<li>\u00c9pousseter les luminaires, cadre et les stores<\/li>\n\n\n\n<li>Passer l\u2019aspirateur et laver le plancher.<\/li>\n\n\n\n<li>Nettoyer et d\u00e9sinfecter\u00a0: <\/li>\n\n\n\n<li>\u2013 Le lavabo et la baignoire<br>\u2013 La douche et la toilette<\/li>\n\n\n\n<li>Nettoyer, polir\u00a0: les miroirs, Robinets et accessoires<\/li>\n\n\n\n<li>\u00c9pousseter \/ Nettoyer\u00a0: les plinthes \u00e9lectriques, calorif\u00e8res, bouches de ventilation et \u00a0les Stores<\/li>\n\n\n\n<li>Vider et\u00a0 nettoyer et sortir les poubelles<\/li>\n\n\n\n<li>Passer l\u2019aspirateur et laver le plancher.<\/li>\n\n\n\n<li>\u00c9pousseter l\u2019ameublement, cadres, Bibelots, Luminaires, commodes, interrupteurs et les Stores<\/li>\n\n\n\n<li>Passer l\u2019aspirateur sur les tapis et meubles rembourr\u00e9s<\/li>\n\n\n\n<li>Nettoyer et polir les miroirs, les \u00e9crans (t.v, ordinateurs\u2026)<\/li>\n\n\n\n<li>Enlever les marques de doigts sur les portes<\/li>\n\n\n\n<li>Passer l\u2019aspirateur et laver les planchers<\/li>\n\n\n\n<li>Nettoyer l\u2019ext\u00e9rieur de laveuse et S\u00e9cheuse<\/li>\n\n\n\n<li>Passer l\u2019aspirateur\u00a0,laver le plancher du Hall d\u2019entr\u00e9e et d\u2019escaliers.<\/li>\n<\/ul>\n\n\n\n<p><\/p>","protected":false},"excerpt":{"rendered":"<p>M\u00c9NAGE R\u00c9SIDENTIEL<\/p>","protected":false},"author":1,"featured_media":1816,"parent":0,"menu_order":0,"comment_status":"closed","ping_status":"closed","template":"","meta":{"site-sidebar-layout":"default","site-content-layout":"","ast-site-content-layout":"","site-content-style":"default","site-sidebar-style":"default","ast-global-header-display":"","ast-banner-title-visibility":"","ast-main-header-display":"","ast-hfb-above-header-display":"","ast-hfb-below-header-display":"","ast-hfb-mobile-header-display":"","site-post-title":"","ast-breadcrumbs-content":"","ast-featured-img":"","footer-sml-layout":"","theme-transparent-header-meta":"","adv-header-id-meta":"","stick-header-meta":"","header-above-stick-meta":"","header-main-stick-meta":"","header-below-stick-meta":"","astra-migrate-meta-layouts":"default","ast-page-background-enabled":"default","ast-page-background-meta":{"desktop":{"background-color":"var(--ast-global-color-4)","background-image":"","background-repeat":"repeat","background-position":"center center","background-size":"auto","background-attachment":"scroll","background-type":"","background-media":"","overlay-type":"","overlay-color":"","overlay-opacity":"","overlay-gradient":""},"tablet":{"background-color":"","background-image":"","background-repeat":"repeat","background-position":"center center","background-size":"auto","background-attachment":"scroll","background-type":"","background-media":"","overlay-type":"","overlay-color":"","overlay-opacity":"","overlay-gradient":""},"mobile":{"background-color":"","background-image":"","background-repeat":"repeat","background-position":"center center","background-size":"auto","background-attachment":"scroll","background-type":"","background-media":"","overlay-type":"","overlay-color":"","overlay-opacity":"","overlay-gradient":""}},"ast-content-background-meta":{"desktop":{"background-color":"var(--ast-global-color-5)","background-image":"","background-repeat":"repeat","background-position":"center center","background-size":"auto","background-attachment":"scroll","background-type":"","background-media":"","overlay-type":"","overlay-color":"","overlay-opacity":"","overlay-gradient":""},"tablet":{"background-color":"var(--ast-global-color-5)","background-image":"","background-repeat":"repeat","background-position":"center center","background-size":"auto","background-attachment":"scroll","background-type":"","background-media":"","overlay-type":"","overlay-color":"","overlay-opacity":"","overlay-gradient":""},"mobile":{"background-color":"var(--ast-global-color-5)","background-image":"","background-repeat":"repeat","background-position":"center center","background-size":"auto","background-attachment":"scroll","background-type":"","background-media":"","overlay-type":"","overlay-color":"","overlay-opacity":"","overlay-gradient":""}},"footnotes":""},"class_list":["post-1553","page","type-page","status-publish","has-post-thumbnail","hentry"],"_links":{"self":[{"href":"https:\/\/www.lagouttebleue.ca\/en\/wp-json\/wp\/v2\/pages\/1553","targetHints":{"allow":["GET"]}}],"collection":[{"href":"https:\/\/www.lagouttebleue.ca\/en\/wp-json\/wp\/v2\/pages"}],"about":[{"href":"https:\/\/www.lagouttebleue.ca\/en\/wp-json\/wp\/v2\/types\/page"}],"author":[{"embeddable":true,"href":"https:\/\/www.lagouttebleue.ca\/en\/wp-json\/wp\/v2\/users\/1"}],"replies":[{"embeddable":true,"href":"https:\/\/www.lagouttebleue.ca\/en\/wp-json\/wp\/v2\/comments?post=1553"}],"version-history":[{"count":25,"href":"https:\/\/www.lagouttebleue.ca\/en\/wp-json\/wp\/v2\/pages\/1553\/revisions"}],"predecessor-version":[{"id":1817,"href":"https:\/\/www.lagouttebleue.ca\/en\/wp-json\/wp\/v2\/pages\/1553\/revisions\/1817"}],"wp:featuredmedia":[{"embeddable":true,"href":"https:\/\/www.lagouttebleue.ca\/en\/wp-json\/wp\/v2\/media\/1816"}],"wp:attachment":[{"href":"https:\/\/www.lagouttebleue.ca\/en\/wp-json\/wp\/v2\/media?parent=1553"}],"curies":[{"name":"wp","href":"https:\/\/api.w.org\/{rel}","templated":true}]}}